{"id":4422,"date":"2025-02-26T17:29:23","date_gmt":"2025-02-26T16:29:23","guid":{"rendered":"https:\/\/openluchtmuseeacielouvert.com\/?page_id=4422"},"modified":"2025-03-30T15:53:51","modified_gmt":"2025-03-30T13:53:51","slug":"livres","status":"publish","type":"page","link":"https:\/\/openluchtmuseeacielouvert.com\/index.php\/livres\/","title":{"rendered":"livres"},"content":{"rendered":"\t\t<div data-elementor-type=\"wp-page\" data-elementor-id=\"4422\" class=\"elementor elementor-4422\" data-elementor-post-type=\"page\">\n\t\t\t\t<div class=\"elementor-element elementor-element-2c283b4 e-flex e-con-boxed e-con e-parent\" data-id=\"2c283b4\" data-element_type=\"container\" data-e-type=\"container\">\n\t\t\t\t\t<div class=\"e-con-inner\">\n\t\t\t\t<div class=\"elementor-element elementor-element-8dcc51c elementor-nav-menu__align-justify elementor-nav-menu--dropdown-tablet elementor-nav-menu__text-align-aside elementor-nav-menu--toggle elementor-nav-menu--burger elementor-widget elementor-widget-nav-menu\" data-id=\"8dcc51c\" data-element_type=\"widget\" data-e-type=\"widget\" data-settings=\"{&quot;layout&quot;:&quot;horizontal&quot;,&quot;submenu_icon&quot;:{&quot;value&quot;:&quot;&lt;svg class=\\&quot;e-font-icon-svg e-fas-caret-down\\&quot; viewBox=\\&quot;0 0 320 512\\&quot; xmlns=\\&quot;http:\\\/\\\/www.w3.org\\\/2000\\\/svg\\&quot;&gt;&lt;path d=\\&quot;M31.3 192h257.3c17.8 0 26.7 21.5 14.1 34.1L174.1 354.8c-7.8 7.8-20.5 7.8-28.3 0L17.2 226.1C4.6 213.5 13.5 192 31.3 192z\\&quot;&gt;&lt;\\\/path&gt;&lt;\\\/svg&gt;&quot;,&quot;library&quot;:&quot;fa-solid&quot;},&quot;toggle&quot;:&quot;burger&quot;}\" data-widget_type=\"nav-menu.default\">\n\t\t\t\t<div class=\"elementor-widget-container\">\n\t\t\t\t\t\t\t\t<nav aria-label=\"Menu\" class=\"elementor-nav-menu--main elementor-nav-menu__container elementor-nav-menu--layout-horizontal e--pointer-text e--animation-grow\">\n\t\t\t\t<ul id=\"menu-1-8dcc51c\" class=\"elementor-nav-menu\"><li class=\"menu-item menu-item-type-post_type menu-item-object-page menu-item-5135\"><a href=\"https:\/\/openluchtmuseeacielouvert.com\/index.php\/cinema\/\" class=\"elementor-item\">CINEMA<\/a><\/li>\n<li class=\"menu-item menu-item-type-post_type menu-item-object-post menu-item-5138\"><a href=\"https:\/\/openluchtmuseeacielouvert.com\/index.php\/2024\/04\/08\/carmera-obscura\/\" class=\"elementor-item\">CAMERA OBSCURA<\/a><\/li>\n<li class=\"menu-item menu-item-type-post_type menu-item-object-page menu-item-5136\"><a href=\"https:\/\/openluchtmuseeacielouvert.com\/index.php\/danse\/\" class=\"elementor-item\">DANSE<\/a><\/li>\n<li class=\"menu-item menu-item-type-post_type menu-item-object-page menu-item-5137\"><a href=\"https:\/\/openluchtmuseeacielouvert.com\/index.php\/portrait-de-bruxelles\/\" class=\"elementor-item\">BRUXELLES<\/a><\/li>\n<li class=\"menu-item menu-item-type-post_type menu-item-object-page menu-item-5134\"><a href=\"https:\/\/openluchtmuseeacielouvert.com\/index.php\/paysages-interieurs\/\" class=\"elementor-item\">ARCHITECTURE<\/a><\/li>\n<li class=\"menu-item menu-item-type-post_type menu-item-object-page menu-item-5133\"><a href=\"https:\/\/openluchtmuseeacielouvert.com\/index.php\/livres\/\" class=\"elementor-item\">XL UPCYLCLING<\/a><\/li>\n<\/ul>\t\t\t<\/nav>\n\t\t\t\t\t<div class=\"elementor-menu-toggle\" role=\"button\" tabindex=\"0\" aria-label=\"Permuter le menu\" aria-expanded=\"false\">\n\t\t\t<svg aria-hidden=\"true\" role=\"presentation\" class=\"elementor-menu-toggle__icon--open e-font-icon-svg e-eicon-menu-bar\" viewBox=\"0 0 1000 1000\" xmlns=\"http:\/\/www.w3.org\/2000\/svg\"><path d=\"M104 333H896C929 333 958 304 958 271S929 208 896 208H104C71 208 42 237 42 271S71 333 104 333ZM104 583H896C929 583 958 554 958 521S929 458 896 458H104C71 458 42 487 42 521S71 583 104 583ZM104 833H896C929 833 958 804 958 771S929 708 896 708H104C71 708 42 737 42 771S71 833 104 833Z\"><\/path><\/svg><svg aria-hidden=\"true\" role=\"presentation\" class=\"elementor-menu-toggle__icon--close e-font-icon-svg e-eicon-close\" viewBox=\"0 0 1000 1000\" xmlns=\"http:\/\/www.w3.org\/2000\/svg\"><path d=\"M742 167L500 408 258 167C246 154 233 150 217 150 196 150 179 158 167 167 154 179 150 196 150 212 150 229 154 242 171 254L408 500 167 742C138 771 138 800 167 829 196 858 225 858 254 829L496 587 738 829C750 842 767 846 783 846 800 846 817 842 829 829 842 817 846 804 846 783 846 767 842 750 829 737L588 500 833 258C863 229 863 200 833 171 804 137 775 137 742 167Z\"><\/path><\/svg>\t\t\t<span class=\"elementor-screen-only\">Menu<\/span>\n\t\t<\/div>\n\t\t\t\t\t<nav class=\"elementor-nav-menu--dropdown elementor-nav-menu__container\" aria-hidden=\"true\">\n\t\t\t\t<ul id=\"menu-2-8dcc51c\" class=\"elementor-nav-menu\"><li class=\"menu-item menu-item-type-post_type menu-item-object-page menu-item-5135\"><a href=\"https:\/\/openluchtmuseeacielouvert.com\/index.php\/cinema\/\" class=\"elementor-item\" tabindex=\"-1\">CINEMA<\/a><\/li>\n<li class=\"menu-item menu-item-type-post_type menu-item-object-post menu-item-5138\"><a href=\"https:\/\/openluchtmuseeacielouvert.com\/index.php\/2024\/04\/08\/carmera-obscura\/\" class=\"elementor-item\" tabindex=\"-1\">CAMERA OBSCURA<\/a><\/li>\n<li class=\"menu-item menu-item-type-post_type menu-item-object-page menu-item-5136\"><a href=\"https:\/\/openluchtmuseeacielouvert.com\/index.php\/danse\/\" class=\"elementor-item\" tabindex=\"-1\">DANSE<\/a><\/li>\n<li class=\"menu-item menu-item-type-post_type menu-item-object-page menu-item-5137\"><a href=\"https:\/\/openluchtmuseeacielouvert.com\/index.php\/portrait-de-bruxelles\/\" class=\"elementor-item\" tabindex=\"-1\">BRUXELLES<\/a><\/li>\n<li class=\"menu-item menu-item-type-post_type menu-item-object-page menu-item-5134\"><a href=\"https:\/\/openluchtmuseeacielouvert.com\/index.php\/paysages-interieurs\/\" class=\"elementor-item\" tabindex=\"-1\">ARCHITECTURE<\/a><\/li>\n<li class=\"menu-item menu-item-type-post_type menu-item-object-page menu-item-5133\"><a href=\"https:\/\/openluchtmuseeacielouvert.com\/index.php\/livres\/\" class=\"elementor-item\" tabindex=\"-1\">XL UPCYLCLING<\/a><\/li>\n<\/ul>\t\t\t<\/nav>\n\t\t\t\t\t\t<\/div>\n\t\t\t\t<\/div>\n\t\t\t\t\t<\/div>\n\t\t\t\t<\/div>\n\t\t<div class=\"elementor-element elementor-element-43c6ecf e-flex e-con-boxed e-con e-parent\" data-id=\"43c6ecf\" data-element_type=\"container\" data-e-type=\"container\">\n\t\t\t\t\t<div class=\"e-con-inner\">\n\t\t\t\t<div class=\"elementor-element elementor-element-c644ab1 elementor-widget-divider--view-line elementor-widget elementor-widget-divider\" data-id=\"c644ab1\" data-element_type=\"widget\" data-e-type=\"widget\" data-widget_type=\"divider.default\">\n\t\t\t\t<div class=\"elementor-widget-container\">\n\t\t\t\t\t\t\t<div class=\"elementor-divider\">\n\t\t\t<span class=\"elementor-divider-separator\">\n\t\t\t\t\t\t<\/span>\n\t\t<\/div>\n\t\t\t\t\t\t<\/div>\n\t\t\t\t<\/div>\n\t\t\t\t\t<\/div>\n\t\t\t\t<\/div>\n\t\t<div class=\"elementor-element elementor-element-860f795 e-flex e-con-boxed e-con e-parent\" data-id=\"860f795\" data-element_type=\"container\" data-e-type=\"container\">\n\t\t\t\t\t<div class=\"e-con-inner\">\n\t\t\t\t<div class=\"elementor-element elementor-element-c59cfe5 elementor-widget elementor-widget-heading\" data-id=\"c59cfe5\" data-element_type=\"widget\" data-e-type=\"widget\" data-widget_type=\"heading.default\">\n\t\t\t\t<div class=\"elementor-widget-container\">\n\t\t\t\t\t<h1 class=\"elementor-heading-title elementor-size-default\">XL UPCYCLING<\/h1>\t\t\t\t<\/div>\n\t\t\t\t<\/div>\n\t\t\t\t\t<\/div>\n\t\t\t\t<\/div>\n\t\t<div class=\"elementor-element elementor-element-fcbcca8 e-flex e-con-boxed e-con e-parent\" data-id=\"fcbcca8\" data-element_type=\"container\" data-e-type=\"container\">\n\t\t\t\t\t<div class=\"e-con-inner\">\n\t\t\t\t<div class=\"elementor-element elementor-element-a8b451a elementor-widget elementor-widget-text-editor\" data-id=\"a8b451a\" data-element_type=\"widget\" data-e-type=\"widget\" data-widget_type=\"text-editor.default\">\n\t\t\t\t<div class=\"elementor-widget-container\">\n\t\t\t\t\t\t\t\t\t<p>Appel \u00e0 projet pour la r\u00e9alisation d\u2019une \u0153uvre ou d\u2019un objet design relevant d\u2019une d\u00e9marche cr\u00e9ative d\u2019upcycling install\u00e9e au sein d&rsquo;un commerce de la rue de la paix \u00e0 Ixelles.<\/p><p><em>Je r\u00e9alise des livres-objets dans lesquels on peut glisser des notes ou non selon l\u2019interpr\u00e9tation que l\u2019on en fait.<\/em><\/p>\t\t\t\t\t\t\t\t<\/div>\n\t\t\t\t<\/div>\n\t\t\t\t\t<\/div>\n\t\t\t\t<\/div>\n\t\t<div class=\"elementor-element elementor-element-d6f33fa e-flex e-con-boxed e-con e-parent\" data-id=\"d6f33fa\" data-element_type=\"container\" data-e-type=\"container\">\n\t\t\t\t\t<div class=\"e-con-inner\">\n\t\t\t\t<div class=\"elementor-element elementor-element-a1c56a4 elementor-widget elementor-widget-spacer\" data-id=\"a1c56a4\" data-element_type=\"widget\" data-e-type=\"widget\" data-widget_type=\"spacer.default\">\n\t\t\t\t<div class=\"elementor-widget-container\">\n\t\t\t\t\t\t\t<div class=\"elementor-spacer\">\n\t\t\t<div class=\"elementor-spacer-inner\"><\/div>\n\t\t<\/div>\n\t\t\t\t\t\t<\/div>\n\t\t\t\t<\/div>\n\t\t\t\t\t<\/div>\n\t\t\t\t<\/div>\n\t\t<div class=\"elementor-element elementor-element-ed8f98c e-flex e-con-boxed e-con e-parent\" data-id=\"ed8f98c\" data-element_type=\"container\" data-e-type=\"container\">\n\t\t\t\t\t<div class=\"e-con-inner\">\n\t\t<div class=\"elementor-element elementor-element-3bbc52a e-con-full e-flex e-con e-child\" data-id=\"3bbc52a\" data-element_type=\"container\" data-e-type=\"container\">\n\t\t\t\t<div class=\"elementor-element elementor-element-04a6de3 elementor-widget elementor-widget-image\" data-id=\"04a6de3\" data-element_type=\"widget\" data-e-type=\"widget\" data-widget_type=\"image.default\">\n\t\t\t\t<div class=\"elementor-widget-container\">\n\t\t\t\t\t\t\t\t\t\t\t\t\t\t\t<img fetchpriority=\"high\" decoding=\"async\" width=\"768\" height=\"1024\" src=\"https:\/\/openluchtmuseeacielouvert.com\/wp-content\/uploads\/2025\/02\/IMG_3906-768x1024.jpg\" class=\"attachment-medium_large size-medium_large wp-image-4425\" alt=\"\" srcset=\"https:\/\/openluchtmuseeacielouvert.com\/wp-content\/uploads\/2025\/02\/IMG_3906-768x1024.jpg 768w, https:\/\/openluchtmuseeacielouvert.com\/wp-content\/uploads\/2025\/02\/IMG_3906-225x300.jpg 225w, https:\/\/openluchtmuseeacielouvert.com\/wp-content\/uploads\/2025\/02\/IMG_3906-1152x1536.jpg 1152w, https:\/\/openluchtmuseeacielouvert.com\/wp-content\/uploads\/2025\/02\/IMG_3906-1536x2048.jpg 1536w, https:\/\/openluchtmuseeacielouvert.com\/wp-content\/uploads\/2025\/02\/IMG_3906-scaled.jpg 1920w\" sizes=\"(max-width: 768px) 100vw, 768px\" \/>\t\t\t\t\t\t\t\t\t\t\t\t\t\t\t<\/div>\n\t\t\t\t<\/div>\n\t\t<div class=\"elementor-element elementor-element-da69f0a e-con-full e-flex e-con e-child\" data-id=\"da69f0a\" data-element_type=\"container\" data-e-type=\"container\">\n\t\t\t\t<\/div>\n\t\t\t\t<\/div>\n\t\t<div class=\"elementor-element elementor-element-b1fee96 e-con-full e-flex e-con e-child\" data-id=\"b1fee96\" data-element_type=\"container\" data-e-type=\"container\">\n\t\t\t\t<div class=\"elementor-element elementor-element-f31bbaf elementor-widget elementor-widget-image\" data-id=\"f31bbaf\" data-element_type=\"widget\" data-e-type=\"widget\" data-widget_type=\"image.default\">\n\t\t\t\t<div class=\"elementor-widget-container\">\n\t\t\t\t\t\t\t\t\t\t\t\t\t\t\t<img decoding=\"async\" width=\"768\" height=\"1024\" src=\"https:\/\/openluchtmuseeacielouvert.com\/wp-content\/uploads\/2025\/03\/IMG_3927-768x1024.jpg\" class=\"attachment-large size-large wp-image-4844\" alt=\"\" srcset=\"https:\/\/openluchtmuseeacielouvert.com\/wp-content\/uploads\/2025\/03\/IMG_3927-768x1024.jpg 768w, https:\/\/openluchtmuseeacielouvert.com\/wp-content\/uploads\/2025\/03\/IMG_3927-225x300.jpg 225w, https:\/\/openluchtmuseeacielouvert.com\/wp-content\/uploads\/2025\/03\/IMG_3927-1152x1536.jpg 1152w, https:\/\/openluchtmuseeacielouvert.com\/wp-content\/uploads\/2025\/03\/IMG_3927-1536x2048.jpg 1536w, https:\/\/openluchtmuseeacielouvert.com\/wp-content\/uploads\/2025\/03\/IMG_3927-scaled.jpg 1920w\" sizes=\"(max-width: 768px) 100vw, 768px\" \/>\t\t\t\t\t\t\t\t\t\t\t\t\t\t\t<\/div>\n\t\t\t\t<\/div>\n\t\t\t\t<\/div>\n\t\t<div class=\"elementor-element elementor-element-de2a436 e-con-full e-flex e-con e-child\" data-id=\"de2a436\" data-element_type=\"container\" data-e-type=\"container\">\n\t\t\t\t<\/div>\n\t\t<div class=\"elementor-element elementor-element-74fd8f6 e-con-full e-flex e-con e-child\" data-id=\"74fd8f6\" data-element_type=\"container\" data-e-type=\"container\">\n\t\t\t\t<div class=\"elementor-element elementor-element-ba7e332 elementor-widget elementor-widget-image\" data-id=\"ba7e332\" data-element_type=\"widget\" data-e-type=\"widget\" data-widget_type=\"image.default\">\n\t\t\t\t<div class=\"elementor-widget-container\">\n\t\t\t\t\t\t\t\t\t\t\t\t\t\t\t<img decoding=\"async\" width=\"750\" height=\"1000\" src=\"https:\/\/openluchtmuseeacielouvert.com\/wp-content\/uploads\/2025\/02\/thumb_IMG_0253_1024.jpg\" class=\"attachment-large size-large wp-image-4424\" alt=\"\" srcset=\"https:\/\/openluchtmuseeacielouvert.com\/wp-content\/uploads\/2025\/02\/thumb_IMG_0253_1024.jpg 750w, https:\/\/openluchtmuseeacielouvert.com\/wp-content\/uploads\/2025\/02\/thumb_IMG_0253_1024-225x300.jpg 225w\" sizes=\"(max-width: 750px) 100vw, 750px\" \/>\t\t\t\t\t\t\t\t\t\t\t\t\t\t\t<\/div>\n\t\t\t\t<\/div>\n\t\t\t\t<\/div>\n\t\t\t\t\t<\/div>\n\t\t\t\t<\/div>\n\t\t<div class=\"elementor-element elementor-element-7f0b31b e-flex e-con-boxed e-con e-parent\" data-id=\"7f0b31b\" data-element_type=\"container\" data-e-type=\"container\">\n\t\t\t\t\t<div class=\"e-con-inner\">\n\t\t\t\t<div class=\"elementor-element elementor-element-a39dda7 elementor-widget elementor-widget-spacer\" data-id=\"a39dda7\" data-element_type=\"widget\" data-e-type=\"widget\" data-widget_type=\"spacer.default\">\n\t\t\t\t<div class=\"elementor-widget-container\">\n\t\t\t\t\t\t\t<div class=\"elementor-spacer\">\n\t\t\t<div class=\"elementor-spacer-inner\"><\/div>\n\t\t<\/div>\n\t\t\t\t\t\t<\/div>\n\t\t\t\t<\/div>\n\t\t\t\t\t<\/div>\n\t\t\t\t<\/div>\n\t\t<div class=\"elementor-element elementor-element-fc73bf4 e-grid e-con-boxed e-con e-parent\" data-id=\"fc73bf4\" data-element_type=\"container\" data-e-type=\"container\">\n\t\t\t\t\t<div class=\"e-con-inner\">\n\t\t\t\t<div class=\"elementor-element elementor-element-54b32e4 elementor-align-left elementor-widget elementor-widget-button\" data-id=\"54b32e4\" data-element_type=\"widget\" data-e-type=\"widget\" data-widget_type=\"button.default\">\n\t\t\t\t<div class=\"elementor-widget-container\">\n\t\t\t\t\t\t\t\t\t<div class=\"elementor-button-wrapper\">\n\t\t\t\t\t<a class=\"elementor-button elementor-button-link elementor-size-sm elementor-animation-grow\" href=\"https:\/\/openluchtmuseeacielouvert.com\/index.php\/paysages-interieurs\/\">\n\t\t\t\t\t\t<span class=\"elementor-button-content-wrapper\">\n\t\t\t\t\t\t\t\t\t<span class=\"elementor-button-text\">&lt; ARCHITECTURE<\/span>\n\t\t\t\t\t<\/span>\n\t\t\t\t\t<\/a>\n\t\t\t\t<\/div>\n\t\t\t\t\t\t\t\t<\/div>\n\t\t\t\t<\/div>\n\t\t\t\t<div class=\"elementor-element elementor-element-75744e4 elementor-align-right elementor-widget elementor-widget-button\" data-id=\"75744e4\" data-element_type=\"widget\" data-e-type=\"widget\" data-widget_type=\"button.default\">\n\t\t\t\t<div class=\"elementor-widget-container\">\n\t\t\t\t\t\t\t\t\t<div class=\"elementor-button-wrapper\">\n\t\t\t\t\t<a class=\"elementor-button elementor-button-link elementor-size-sm elementor-animation-grow\" href=\"https:\/\/openluchtmuseeacielouvert.com\/index.php\/cinema\/\">\n\t\t\t\t\t\t<span class=\"elementor-button-content-wrapper\">\n\t\t\t\t\t\t\t\t\t<span class=\"elementor-button-text\">CINEMA &gt;<\/span>\n\t\t\t\t\t<\/span>\n\t\t\t\t\t<\/a>\n\t\t\t\t<\/div>\n\t\t\t\t\t\t\t\t<\/div>\n\t\t\t\t<\/div>\n\t\t\t\t\t<\/div>\n\t\t\t\t<\/div>\n\t\t<div class=\"elementor-element elementor-element-072717f e-flex e-con-boxed e-con e-parent\" data-id=\"072717f\" data-element_type=\"container\" data-e-type=\"container\">\n\t\t\t\t\t<div class=\"e-con-inner\">\n\t\t\t\t<div class=\"elementor-element elementor-element-4b61cc4 elementor-widget elementor-widget-spacer\" data-id=\"4b61cc4\" data-element_type=\"widget\" data-e-type=\"widget\" data-widget_type=\"spacer.default\">\n\t\t\t\t<div class=\"elementor-widget-container\">\n\t\t\t\t\t\t\t<div class=\"elementor-spacer\">\n\t\t\t<div class=\"elementor-spacer-inner\"><\/div>\n\t\t<\/div>\n\t\t\t\t\t\t<\/div>\n\t\t\t\t<\/div>\n\t\t\t\t\t<\/div>\n\t\t\t\t<\/div>\n\t\t<div class=\"elementor-element elementor-element-ba6f7d4 e-flex e-con-boxed e-con e-parent\" data-id=\"ba6f7d4\" data-element_type=\"container\" data-e-type=\"container\">\n\t\t\t\t\t<div class=\"e-con-inner\">\n\t\t\t\t<div class=\"elementor-element elementor-element-191cb25 elementor-widget elementor-widget-spacer\" data-id=\"191cb25\" data-element_type=\"widget\" data-e-type=\"widget\" data-widget_type=\"spacer.default\">\n\t\t\t\t<div class=\"elementor-widget-container\">\n\t\t\t\t\t\t\t<div class=\"elementor-spacer\">\n\t\t\t<div class=\"elementor-spacer-inner\"><\/div>\n\t\t<\/div>\n\t\t\t\t\t\t<\/div>\n\t\t\t\t<\/div>\n\t\t\t\t\t<\/div>\n\t\t\t\t<\/div>\n\t\t<div class=\"elementor-element elementor-element-be011e6 e-flex e-con-boxed e-con e-parent\" data-id=\"be011e6\" data-element_type=\"container\" data-e-type=\"container\">\n\t\t\t\t\t<div class=\"e-con-inner\">\n\t\t\t\t<div class=\"elementor-element elementor-element-fc6db22 elementor-widget elementor-widget-text-editor\" data-id=\"fc6db22\" data-element_type=\"widget\" data-e-type=\"widget\" data-widget_type=\"text-editor.default\">\n\t\t\t\t<div class=\"elementor-widget-container\">\n\t\t\t\t\t\t\t\t\t<p>\u00a9 2025 Larissa Vanhee All rights reserved<\/p>\t\t\t\t\t\t\t\t<\/div>\n\t\t\t\t<\/div>\n\t\t\t\t\t<\/div>\n\t\t\t\t<\/div>\n\t\t\t\t<\/div>\n\t\t","protected":false},"excerpt":{"rendered":"<p>XL UPCYCLING Appel \u00e0 projet pour la r\u00e9alisation d\u2019une \u0153uvre ou d\u2019un objet design relevant d\u2019une d\u00e9marche cr\u00e9ative d\u2019upcycling install\u00e9e au sein d&rsquo;un commerce de la rue de la paix \u00e0 Ixelles. Je r\u00e9alise des livres-objets dans lesquels on peut glisser des notes ou non selon l\u2019interpr\u00e9tation que l\u2019on en fait. < ARCHITECTURE CINEMA > [&hellip;]<\/p>\n","protected":false},"author":1,"featured_media":0,"parent":0,"menu_order":0,"comment_status":"closed","ping_status":"closed","template":"","meta":{"footnotes":""},"class_list":["post-4422","page","type-page","status-publish","hentry"],"_links":{"self":[{"href":"https:\/\/openluchtmuseeacielouvert.com\/index.php\/wp-json\/wp\/v2\/pages\/4422","targetHints":{"allow":["GET"]}}],"collection":[{"href":"https:\/\/openluchtmuseeacielouvert.com\/index.php\/wp-json\/wp\/v2\/pages"}],"about":[{"href":"https:\/\/openluchtmuseeacielouvert.com\/index.php\/wp-json\/wp\/v2\/types\/page"}],"author":[{"embeddable":true,"href":"https:\/\/openluchtmuseeacielouvert.com\/index.php\/wp-json\/wp\/v2\/users\/1"}],"replies":[{"embeddable":true,"href":"https:\/\/openluchtmuseeacielouvert.com\/index.php\/wp-json\/wp\/v2\/comments?post=4422"}],"version-history":[{"count":49,"href":"https:\/\/openluchtmuseeacielouvert.com\/index.php\/wp-json\/wp\/v2\/pages\/4422\/revisions"}],"predecessor-version":[{"id":5156,"href":"https:\/\/openluchtmuseeacielouvert.com\/index.php\/wp-json\/wp\/v2\/pages\/4422\/revisions\/5156"}],"wp:attachment":[{"href":"https:\/\/openluchtmuseeacielouvert.com\/index.php\/wp-json\/wp\/v2\/media?parent=4422"}],"curies":[{"name":"wp","href":"https:\/\/api.w.org\/{rel}","templated":true}]}}